{"id":175,"date":"2019-11-22T19:48:57","date_gmt":"2019-11-22T18:48:57","guid":{"rendered":"http:\/\/young.uwb.edu.pl\/?page_id=175"},"modified":"2022-09-15T23:38:38","modified_gmt":"2022-09-15T21:38:38","slug":"articles","status":"publish","type":"page","link":"https:\/\/young.uwb.edu.pl\/index.php\/articles\/","title":{"rendered":"Articles"},"content":{"rendered":"\n<ul class=\"wp-block-list\"><li>Marcin Jurczyk, Danuta Lalak, Aggressive and Delinquent Behavior Among Youth: An Empirical Study in Poland, Violence and Gender, Published Online:14 July 2020.<br>DOI: 10.1089\/vio.2019.0065<br><a href=\"https:\/\/www.liebertpub.com\/doi\/10.1089\/vio.2019.0065\">https:\/\/www.liebertpub.com\/doi\/10.1089\/vio.2019.0065<\/a><\/li><li>Marcin Jurczyk, Danuta Lalak, Agresywno\u015b\u0107 m\u0142odzie\u017cy a negatywne zdarzenia \u017cyciowe w \u015bwietle bada\u0144 por\u00f3wnawczych m\u0142odzie\u017cy przebywaj\u0105cej w zak\u0142adach poprawczych i licealist\u00f3w. Resocjalizacja Polska 18\/2019.<br>DOI: 10.22432\/pjsr.2019.18.12<br><a rel=\"noreferrer noopener\" href=\"http:\/\/resocjalizacjapolska.pl\/index.php\/rp\/article\/view\/249\/312\" target=\"_blank\">http:\/\/resocjalizacjapolska.pl\/index.php\/rp\/article\/view\/249\/312<\/a><\/li><li>Irena Dychawy Rosner (2020). Capacity building through knowledge alliances and collaborative creativity.\u00a0<em>Tiltai: Bridges in Social Sciences<\/em>, 84 (1): 37-50. <br>DOI: 10.15181\/tbb.v84i1.2135<br><a rel=\"noopener noreferrer\" href=\"http:\/\/journals.ku.lt\/index.php\/tiltai\/article\/view\/2135\" target=\"_blank\">http:\/\/journals.ku.lt\/index.php\/tiltai\/article\/view\/2135<\/a><\/li><li>Irena Dychawy Rosner (2020). Post Covid-19 youth work: A contribution to the Swedish social pedagogical debate.\u00a0<em>Papers of Social Pedagogy,<\/em>\u00a013 (1): 109-121. <br>DOI:\u00a010.5604\/01.3001.0014.4355<br><a rel=\"noreferrer noopener\" href=\"https:\/\/pedagogikaspoleczna.uw.edu.pl\/resources\/html\/article\/details?id=208363\" target=\"_blank\">https:\/\/pedagogikaspoleczna.uw.edu.pl\/resources\/html\/article\/details?id=208363<\/a><\/li><li>Irena Dychawy Rosner, I (2019). The Swedish landscape in social work practice with vulnerable young populations.\u00a0\u00a0<em>Tiltai: Bridges in Social Sciences<\/em>, 83 (2): 35-53. <br>DOI:\u00a010.15181\/tbb.v83i2.2063<br><a rel=\"noreferrer noopener\" href=\"http:\/\/journals.ku.lt\/index.php\/tiltai\/article\/view\/2063\" target=\"_blank\">http:\/\/journals.ku.lt\/index.php\/tiltai\/article\/view\/2063<\/a><\/li><li>Rauckien\u0117-Michaelsson, A., Acien\u0117, E. The Situation and Prospects for Youth Policy in Lithuania in the Context of European solidarity \/\/ Tiltai\u00a0 (Bridges): social sciences. Volume 83, Issue 2 (2019), p. 54\u201379.\u00a0 Klaip\u0117da: Klaipeda University\u00a0 Publishing House, ISSN 1392-3137; eISSN 2351-6569, Volume 83, Issue 2 (2019), pp. 54\u201379 <br><a href=\"https:\/\/doi.org\/10.15181\/tbb.v83i2.2064\">https:\/\/doi.org\/10.15181\/tbb.v83i2.2064<\/a><br><a href=\"https:\/\/e-journals.ku.lt\/journal\/TBB\/article\/2078\/info\">https:\/\/e-journals.ku.lt\/journal\/TBB\/article\/2078\/info<\/a><\/li><li>Acien\u0117, E., Rauckien\u0117-Michaelsson, A. Baltijos \u0161ali\u0173 jaunimo politikos ir socialini\u0173 problem\u0173 diskursas Europos solidarumo kontekste ( On the\u00a0 Discourse of youth Politics and Social Problems in the Baltic Countries in the context of European Solidarity) \/\/ \u201cConnections: what can we do together?\u201d:\u00a0 Fifth Interdisciplinary Scientific-Practical Youth Research Conference: Proceedings, 2020 October 16, Klaip\u0117da: Klaip\u0117da University, p. 41-42. ISBN 9789955531678. <\/li><li>Acien\u0117, E., Rauckien\u0117-Michaelsson \u00a0\u201cThe Problem of Young Qualified Workers as a Challenge of Regional Economic Development Strategy: the Case of Lithuania\u201d\/\/ International\u00a0 EZA conference \u201cYoung Qualified Workers: Empowerment and Participation \u2013 Strategies in the Baltic States and in the European Union\u201d,\u00a0 May 27 \u2013 29, 2021, Latvian Christian\u00a0 Academy<\/li><li>Sawicki, K. (2021), Positive Approach to Youth Studies: An Educational\u00a0Perspective, &#8220;Culture and Education&#8221;, vol 4 pp. 139-152,\u00a0<br><a rel=\"noreferrer noopener\" href=\"https:\/\/doi.org\/10.15804\/kie.2021.04.08\" target=\"_blank\">https:\/\/doi.org\/10.15804\/kie.2021.04.08<\/a>. <\/li><\/ul>\n\n\n\n<ul class=\"wp-block-list\"><li><\/li><\/ul>\n","protected":false},"excerpt":{"rendered":"<p>Marcin Jurczyk, Danuta Lalak, Aggressive and Delinquent Behavior Among Youth: An Empirical Study in Poland, Violence and Gender, Published Online:14 July 2020.DOI: 10.1089\/vio.2019.0065https:\/\/www.liebertpub.com\/doi\/10.1089\/vio.2019.0065 Marcin Jurczyk, Danuta Lalak, Agresywno\u015b\u0107 m\u0142odzie\u017cy a negatywne zdarzenia \u017cyciowe w \u015bwietle bada\u0144 por\u00f3wnawczych m\u0142odzie\u017cy przebywaj\u0105cej w zak\u0142adach poprawczych i licealist\u00f3w. Resocjalizacja Polska 18\/2019.DOI: 10.22432\/pjsr.2019.18.12http:\/\/resocjalizacjapolska.pl\/index.php\/rp\/article\/view\/249\/312 Irena Dychawy Rosner (2020). Capacity building through [&hellip;]<\/p>\n","protected":false},"author":1,"featured_media":0,"parent":0,"menu_order":0,"comment_status":"closed","ping_status":"closed","template":"","meta":{"footnotes":""},"class_list":["post-175","page","type-page","status-publish","hentry"],"_links":{"self":[{"href":"https:\/\/young.uwb.edu.pl\/index.php\/wp-json\/wp\/v2\/pages\/175","targetHints":{"allow":["GET"]}}],"collection":[{"href":"https:\/\/young.uwb.edu.pl\/index.php\/wp-json\/wp\/v2\/pages"}],"about":[{"href":"https:\/\/young.uwb.edu.pl\/index.php\/wp-json\/wp\/v2\/types\/page"}],"author":[{"embeddable":true,"href":"https:\/\/young.uwb.edu.pl\/index.php\/wp-json\/wp\/v2\/users\/1"}],"replies":[{"embeddable":true,"href":"https:\/\/young.uwb.edu.pl\/index.php\/wp-json\/wp\/v2\/comments?post=175"}],"version-history":[{"count":7,"href":"https:\/\/young.uwb.edu.pl\/index.php\/wp-json\/wp\/v2\/pages\/175\/revisions"}],"predecessor-version":[{"id":614,"href":"https:\/\/young.uwb.edu.pl\/index.php\/wp-json\/wp\/v2\/pages\/175\/revisions\/614"}],"wp:attachment":[{"href":"https:\/\/young.uwb.edu.pl\/index.php\/wp-json\/wp\/v2\/media?parent=175"}],"curies":[{"name":"wp","href":"https:\/\/api.w.org\/{rel}","templated":true}]}}