{"id":37,"date":"2019-10-26T13:16:59","date_gmt":"2019-10-26T11:16:59","guid":{"rendered":"http:\/\/young.uwb.edu.pl\/?page_id=37"},"modified":"2020-07-06T14:51:14","modified_gmt":"2020-07-06T12:51:14","slug":"resources","status":"publish","type":"page","link":"https:\/\/young.uwb.edu.pl\/index.php\/resources\/","title":{"rendered":"Resources"},"content":{"rendered":"\n<h4 class=\"wp-block-heading\"><strong>EU\/INTERNATIONAL RESOURCES<\/strong><\/h4>\n\n\n\n<ul class=\"wp-block-list\"><li>EU Drug Market Report (ENG)&nbsp;<br><a href=\"http:\/\/www.emcdda.europa.eu\/2019\/drug-markets\">http:\/\/www.emcdda.europa.eu\/2019\/drug-markets<\/a><\/li><li>ESPAD (European School Survey&nbsp; Project on Alcohol and Other Drugs) (ENG)<br><a href=\"http:\/\/www.espad.org\/report\/home\/\">http:\/\/www.espad.org\/report\/home\/<\/a><\/li><li>EU Kids Online:<br><a href=\"http:\/\/www.lse.ac.uk\/media-and-communications\/research\/research-projects\/eu-kids-online\/reports-and-findings\">http:\/\/www.lse.ac.uk\/media-and-communications\/research\/research-projects\/eu-kids-online\/reports-and-findings<\/a><\/li><li>EU Youth Report 2015<br><a href=\"https:\/\/ec.europa.eu\/youth\/policy\/implementation\/report_en\">https:\/\/ec.europa.eu\/youth\/policy\/implementation\/report_en<\/a><\/li><li>Eurostat Youth Database<br><a href=\"https:\/\/ec.europa.eu\/youth\/policy\/implementation\/report_en\">https:\/\/ec.europa.eu\/youth\/policy\/implementation\/report_en<\/a><\/li><\/ul>\n\n\n\n<hr class=\"wp-block-separator\"\/>\n\n\n\n<h4 class=\"wp-block-heading\"><strong>LITHUANIA<\/strong><\/h4>\n\n\n\n<ul class=\"wp-block-list\"><li>Economic Surveys: Lithuania,&nbsp; (ENG) <br><a href=\"http:\/\/eimin.lrv.lt\/uploads\/eimin\/documents\/files\/es_parama\/2021_2027\/Pasirengimo%20dokumentai\/OECD%20Economic%20Surveys%20-%20Lithuania%202018.pdf\">http:\/\/eimin.lrv.lt\/uploads\/eimin\/documents\/files\/es_parama\/2021_2027\/Pasirengimo%20dokumentai\/OECD%20Economic%20Surveys%20-%20Lithuania%202018.pdf<\/a><\/li><li>Youth policies in Lithuania( ENG) <br><a href=\"https:\/\/eacea.ec.europa.eu\/national-policies\/sites\/youthwiki\/files\/gdllithuania.pdf\">https:\/\/eacea.ec.europa.eu\/national-policies\/sites\/youthwiki\/files\/gdllithuania.pdf<\/a><\/li><li>Jaunimo situacijos ap\u017evalga (LT) <br><a href=\"https:\/\/jrd.lt\/informacija-dirbantiems-su-jaunimu\/informacija-apie-jaunima\/jaunimo-statistiniai-duomenys\/Jaunimo%20situacija%202017.pdf\">https:\/\/jrd.lt\/informacija-dirbantiems-su-jaunimu\/informacija-apie-jaunima\/jaunimo-statistiniai-duomenys\/Jaunimo%20situacija%202017.pdf<\/a> <\/li><li>Supporting Youth Entrepreneurship in Lithuania (ENG)<br><a href=\"https:\/\/www.oecd.org\/cfe\/leed\/Lithuania-Youth-Entrepreneurship.pdf\">https:\/\/www.oecd.org\/cfe\/leed\/Lithuania-Youth-Entrepreneurship.pdf<\/a><\/li><li>Investing in Youth. Lithuania. (ENG)<br><a href=\"https:\/\/www.oecd-ilibrary.org\/employment\/investing-in-youth-lithuania_9789264247611-en\">https:\/\/www.oecd-ilibrary.org\/employment\/investing-in-youth-lithuania_9789264247611-en<\/a><\/li><li>PPMI (2015). The External Evaluation of Youth Guarantee Implementation in Lithuania. (ENG)<br><a href=\"https:\/\/www.ppmi.lt\/en\/news\/ppmi-completed-the-evaluation-of-the-youth-employment-initiative-in-lithuania-218.html\">https:\/\/www.ppmi.lt\/en\/news\/ppmi-completed-the-evaluation-of-the-youth-employment-initiative-in-lithuania-218.html<\/a><\/li><li>Lietuvos Respublikos Vyriausyb\u0117s nutarimas d\u0117l Jaunimo politikos pl\u0117tros savivaldyb\u0117se 2007-2009 met\u0173 programos patvirtinimo, 2007 m. rugs\u0117jo 7d. nr. 95-3825; unofficial translation: Order of the Lithuanian Government on the Municipalities Youth Policy Development Program 2007-2009 (LT)<br><a href=\"https:\/\/e-seimas.lrs.lt\/portal\/legalAct\/lt\/TAD\/TAIS.303657?jfwid=5sjolfxyz\">https:\/\/e-seimas.lrs.lt\/portal\/legalAct\/lt\/TAD\/TAIS.303657?jfwid=5sjolfxyz<\/a><\/li><li>Siniavskait\u0117, E., Andriu\u0161aitien\u0117, E. Lietuvos jaunimo migracini\u0173 nuostat\u0173 tyrimas&nbsp; (A Research&nbsp; of Provisions of the Lithuanian Youth migration). (ENG)<br><a href=\"http:\/\/dx.doi.org\/10.3846\/mla.2015.749\">http:\/\/dx.doi.org\/10.3846\/mla.2015.749<\/a><\/li><\/ul>\n\n\n\n<ul class=\"wp-block-list\"><li>Lietuvos Respublikos jaunimo politikos pagrind\u0173 \u012fstatymo pakeitimo \u012fstatymas (Law on the Fundamentals of Youth Policy of the Republic of Lithuania) (2018 -05-31, No. XIII-1224, Vilnius) <a href=\"https:\/\/e-seimas.lrs.lt\/portal\/legalAct\/lt\/TAD\/96665ec26a1c11e8b7d2b2d2ca774092\">https:\/\/e-seimas.lrs.lt\/portal\/legalAct\/lt\/TAD\/96665ec26a1c11e8b7d2b2d2ca774092<\/a><\/li><li>Lietuvos Respublikos Seimo 2018 m. rugs\u0117jo 20 d. nutarimas Nr.&nbsp;XIII-1484 \u201eD\u0117l Demografijos, migracijos ir integracijos politikos 2018\u20132030 met\u0173 strategijos patvirtinimo; (On the aproval of the Strategy for Demography, Migration and Integration Policy 2018-2030)  <\/li><li>Eurostat (2019). Young people &#8211; social inclusion. (accessed 2020.02.22). <a href=\"https:\/\/ec.europa.eu\/eurostat\/statistics-explained\/index.php?title=Young_people_-_social_inclusion#Living_with_parents\">https:\/\/ec.europa.eu\/eurostat\/statistics-explained\/index.php?title=Young_people_-_social_inclusion#<\/a><\/li><li>Employment, Social Affairs &amp; Inclusion.Youth Employment Initiative (YEI)-The Youth Guarantee. European commission (access 20.02.2020)  <a href=\"https:\/\/ec.europa.eu\/social\/main.jsp?catId=1079\">https:\/\/ec.europa.eu\/social\/main.jsp?catId=1079<\/a> <\/li><li>European Solidarity Corps Guide, 2019. European commission, Brussels, P. 89 (access 18.02.2020). <a href=\"https:\/\/ec.europa.eu\/youth\/news\/2019-european-solidarity-corps-call-and-guide-are-published_en\">https:\/\/ec.europa.eu\/youth\/news\/2019-european-solidarity-corps-call-and-guide-are-published_en<\/a><\/li><li>Health 2020 \u2013 A European Policy Framework and Strategy for the 21st Century (2013). <a href=\"https:\/\/www.google.lt\/search?hl=lt&amp;tbo=p&amp;tbm=bks&amp;q=inauthor:%22World+Health+Organization.+Regional+Office+for+Europe%22&amp;source=gbs_metadata_r&amp;cad=3\">World Health Organization. Regional Office for Europe<\/a>, <a href=\"https:\/\/www.google.lt\/search?hl=lt&amp;tbo=p&amp;tbm=bks&amp;q=inauthor:%22Who+Regional+Office+for+Europe%22&amp;source=gbs_metadata_r&amp;cad=3\">Who Regional Office for Europe<\/a>,&nbsp; ISBN 9789289002790, P. 185<\/li><li>Green<strong>, <\/strong>A<strong>. <\/strong>(2017).The Crisis for Young People Generational Inequalities in Education, Work, Housing and Welfare. Palgrave Macmillan, 978-3-319-58547-5, p.161<\/li><li>Acien\u0117, E., \u010cepien\u0117, R. Jaunimo po\u017ei\u016bris \u012f \u0161eim\u0105 kaip kart\u0173 solidarumo prielaida (Youth\u2019s attitude towards the family as the presumption of generation solidarity consolidation). &nbsp;Socialinis darbas. Patirtis ir metodai, 2013, nr. 12(2), p. 109-120<\/li><li>Acien\u0117, E., Tandzegolskien\u0117, I. The Activities of Youth Labour Centres in the Context of Unemployment Reduction in Lithuania.<strong> <\/strong>SCIENTIFIC PROCEEDINGS OF LATVIAN CHRISTIAN ACADEMY, 2018, Nr. 5 P.36-48<\/li><li>Misevi\u010dien\u0117,I, \u0160pe\u010dkauskien\u0117, N., Rauckien\u0117-Michaelsson, A. \u201eSveikata 2020\u201c politikos raida: jaunimo sveikata (Development of Health 2020 Policy: Youth Health), Visuomen\u0117s sveikata, 2017 Nr. 1 (76), P. 51-60 <\/li><li>Petrauskien\u0117, I. (2019). Opportunities for the Implementation of Open Youth Social Employees Working with Non-Employed Youth.&nbsp; Mg. theses (in Lithuanian). Vytautas Magnus university, Education Academy, Vilnius, 2019, P. 72<\/li><li>Sakalauskien\u0117, J, Cele\u0161ien\u0117, E. Jaunimo politika sumaniosios socializacijos kontekste (Youth Policy in the Context of Smart Socialization),&nbsp; Socialinis ugdymas,&nbsp; 2015, t. 40, Nr. 1, p. 6\u201324<\/li><\/ul>\n\n\n\n<hr class=\"wp-block-separator\"\/>\n\n\n\n<h4 class=\"wp-block-heading\"><strong>LATVIA<\/strong><\/h4>\n\n\n\n<ul class=\"wp-block-list\"><li>Investing in youth 2015 (ENG) <br><a href=\"https:\/\/www.oecd-ilibrary.org\/social-issues-migration-health\/investing-in-youth-latvia_9789264240407-en\">https:\/\/www.oecd-ilibrary.org\/social-issues-migration-health\/investing-in-youth-latvia_9789264240407-en<\/a><\/li><\/ul>\n\n\n\n<ul class=\"wp-block-list\"><li>Jaunie\u0161i Latvij\u0101, 2019 [Youth in Latvia, 2019]. Central Statistical Bureau. Number of youth in Latvia has dropped by half in 10 years.&nbsp;Available:&nbsp;<a rel=\"noreferrer noopener\" href=\"https:\/\/www.csb.gov.lv\/lv\/statistika\/statistikas-temas\/iedzivotaji\/meklet-tema\/2793-jauniesi-latvija\" target=\"_blank\">https:\/\/www.csb.gov.lv\/lv\/statistika\/statistikas-temas\/iedzivotaji\/meklet-tema\/2793-jauniesi-latvija<\/a><\/li><\/ul>\n\n\n\n<ul class=\"wp-block-list\"><li>Youth Policies in Latvia. Conclusions of the Council of Europe International Review Team. Council of Europe Publishing. Available:&nbsp;<a rel=\"noreferrer noopener\" href=\"https:\/\/rm.coe.int\/16807023fd\" target=\"_blank\">https:\/\/rm.coe.int\/16807023fd<\/a><\/li><\/ul>\n\n\n\n<ul class=\"wp-block-list\"><li>Latvia \u2013 OECD reports. Available:&nbsp;<a rel=\"noreferrer noopener\" href=\"https:\/\/www.oecd.org\/latvia\/publicationsdocuments\/reports\/\" target=\"_blank\">https:\/\/www.oecd.org\/latvia\/publicationsdocuments\/reports\/<\/a><\/li><\/ul>\n\n\n\n<ul class=\"wp-block-list\"><li>Youth reflections on the development of society in Latvia (2017) by Bite Dina, Kronberga Ginta, Kr\u016bzm\u0113tra \u017denija. In: Proceedings of the 2017 International Conference &#8220;Economic Science for Rural Development&#8221;, No.46. Jelgava LLU ESAF, 27-28 April 2017, pp. 31-37. Available:&nbsp;<a rel=\"noreferrer noopener\" href=\"https:\/\/llufb.llu.lv\/conference\/economic_science_rural\/2017\/Latvia_ESRD_46_2017-31-37.pdf\" target=\"_blank\">https:\/\/llufb.llu.lv\/conference\/economic_science_rural\/2017\/Latvia_ESRD_46_2017-31-37.pdf<\/a><\/li><\/ul>\n\n\n\n<ul class=\"wp-block-list\"><li><em>Latvijas jaunatnes portrets: Integr\u0101cija sabiedr\u012bb\u0101 un marginaliz\u0101cijas riski<\/em>.&nbsp;(2008) R\u012bga: LU Akad\u0113miskais apg\u0101ds. [Study&nbsp;&#8220;Portrait of Latvian youth: Integration in society and marginalization risks&#8221; (2009) within project &#8220;Risk factors of social exclusion: youth in Latvian society&#8221;. University of Latvia, Institute of Philosophy and Sociology (LUFSI); Faculty of History and Philosophy. \u2013 University of Latvia: Academic Publishing house, 2009. \u2013 362 p.]. Available:&nbsp;<a rel=\"noreferrer noopener\" href=\"https:\/\/issuu.com\/lufsi\/docs\/jaunatnes_portrets_2009\/337\" target=\"_blank\">https:\/\/issuu.com\/lufsi\/docs\/jaunatnes_portrets_2009\/337<\/a><\/li><\/ul>\n\n\n\n<ul class=\"wp-block-list\"><li>Jaunie\u0161u labb\u016bt\u012bba Baltijas valst\u012bs: P\u0113t\u012bjuma zi\u0146ojums (2019). R\u012bga: Latvijas B\u0113rnu labkl\u0101j\u012bbas t\u012bkls. [Well-being of Young People in the Baltic States. Riga: Latvian Children Welfare Netwrok].&nbsp;<em>Study within program &#8220;Erasmus+ Youth in Action&#8221; strategic partnership project&nbsp;&#8220;Study of youth life quality in the Baltic States&#8221; (No. 2017-2-LV02-KA205-001657).<\/em>&nbsp;Available:&nbsp;<a rel=\"noreferrer noopener\" href=\"http:\/\/www.bernulabklajiba.lv\/petijuma-zinojums-jauniesu-labbutiba-baltijas-valstis\/\" target=\"_blank\">http:\/\/www.bernulabklajiba.lv\/petijuma-zinojums-jauniesu-labbutiba-baltijas-valstis\/<\/a><\/li><\/ul>\n\n\n\n<ul class=\"wp-block-list\"><li>Jaunie\u0161u migr\u0101cija: politika. P\u0113t\u012bjuma rezult\u0101tu zi\u0146ojums (2017).&nbsp;R\u012bga: Jaunatnes l\u012bderu koal\u012bcija. [Migration of Young People: Policy. Report on Results of Research.].&nbsp;Available:&nbsp;<a rel=\"noreferrer noopener\" href=\"http:\/\/www.jaunatneslietas.lv\/current-events\/publicets-jaunatnes-politikas-analitiskais-parskats-2017\" target=\"_blank\">http:\/\/www.jaunatneslietas.lv\/current-events\/publicets-jaunatnes-politikas-analitiskais-parskats-2017<\/a><\/li><\/ul>\n\n\n\n<ul class=\"wp-block-list\"><li>Att\u012bst\u012bbas \/ Glob\u0101l\u0101s izgl\u012bt\u012bbas portfolio (2015). R\u012bga: Izgl\u012bt\u012bbas att\u012bst\u012bbas centrs (Latvija) un Mondo (Igaunija).&nbsp;[Portfolio for Development and Global education \u2013 Latvian and Estonia. Riga: Education Development Centre (Latvia); Mondo (Estonia)].&nbsp;<em>Within project &#8220;Global dimension within subjects of social sciences&#8221;.<\/em>&nbsp;Available:&nbsp;<a rel=\"noreferrer noopener\" href=\"http:\/\/www.iac.edu.lv\/izdevumi-un-petijumi\/izdevumi\/sadarbojoties-ar-koleiem-no-mondo-iac-ir-izdevis-attistibasglobalas-izglitibas-materialu-portfolio\/\" target=\"_blank\">http:\/\/www.iac.edu.lv\/izdevumi-un-petijumi\/izdevumi\/sadarbojoties-ar-koleiem-no-mondo-iac-ir-izdevis-attistibasglobalas-izglitibas-materialu-portfolio\/<\/a><\/li><\/ul>\n\n\n\n<ul class=\"wp-block-list\"><li><em>Youth Identity Formation and Participation (2005)&nbsp;by&nbsp;<\/em>Koro\u013ceva I., Rungule R., Sni\u0137ere S., Trapenciere I., Aleksandrovs A. Riga:&nbsp;University of Latvia, Institute of Philosophy and Sociology&nbsp;(LUFSI), 120 p. Available:&nbsp;<a rel=\"noreferrer noopener\" href=\"https:\/\/issuu.com\/lufsi\/docs\/jauniesu_identitate_un_lidzdaliba_2005\/107\" target=\"_blank\">https:\/\/issuu.com\/lufsi\/docs\/jauniesu_identitate_un_lidzdaliba_2005\/107<\/a><\/li><\/ul>\n\n\n\n<hr class=\"wp-block-separator\"\/>\n\n\n\n<h4 class=\"wp-block-heading\"><strong>POLAND<\/strong><\/h4>\n\n\n\n<ul class=\"wp-block-list\"><li>Nastolatki 3.0 <br><a href=\"https:\/\/www.nask.pl\/pl\/raporty\/raporty\/2593,Raport-z-badan-quotNastolatki-30quot-2019.html\">https:\/\/www.nask.pl\/pl\/raporty\/raporty\/2593,Raport-z-badan-quotNastolatki-30quot-2019.html<\/a><\/li><li>Profilaktyka w szkole<br><a href=\"https:\/\/www.profilaktycy.pl\/images\/zasoby_pliki\/ksiazka\/Profilaktyka_w_szkole.pdf\">https:\/\/www.profilaktycy.pl\/images\/zasoby_pliki\/ksiazka\/Profilaktyka_w_szkole.pdf<\/a><\/li><li>Profilaktyczny potencja\u0142 szk\u00f3\u0142<br><a href=\"https:\/\/www.ore.edu.pl\/wp-content\/uploads\/2018\/10\/raport-iii-profilaktyczny-potencjal-szkol.pdf\">https:\/\/www.ore.edu.pl\/wp-content\/uploads\/2018\/10\/raport-iii-profilaktyczny-potencjal-szkol.pdf<\/a><\/li><li>Mapa czynnik\u00f3w ryzyka i chroni\u0105cych m\u0142odzie\u017c przed zachowaniami ryzykownymi<br><a href=\"https:\/\/www.ore.edu.pl\/wp-content\/uploads\/2018\/10\/raport-i-mapa-czynnikow-ryzyka-i-chroniacych-mlodziez-przed-zachowaniami-ryzykownymi.pdf\">https:\/\/www.ore.edu.pl\/wp-content\/uploads\/2018\/10\/raport-i-mapa-czynnikow-ryzyka-i-chroniacych-mlodziez-przed-zachowaniami-ryzykownymi.pdf<\/a><\/li><li>Dzieci si\u0119 licz\u0105 2017 Raport o zagro\u017ceniach bezpiecze\u0144stwa i rozwoju dzieci w Polsce <br><a href=\"https:\/\/fdds.pl\/wp-content\/uploads\/2017\/07\/fdds-dzsl2017-calosc.pdf\">https:\/\/fdds.pl\/wp-content\/uploads\/2017\/07\/fdds-dzsl2017-calosc.pdf<\/a><\/li><li>Zdrowie uczni\u00f3w w 2018 roku na tle nowego modelu bada\u0144 HBSC<br><a href=\"http:\/\/www.imid.med.pl\/files\/imid\/Aktualnosci\/Aktualnosci\/raport%20HBSC%202018.pdf\">http:\/\/www.imid.med.pl\/files\/imid\/Aktualnosci\/Aktualnosci\/raport%20HBSC%202018.pdf<\/a><\/li><li>M\u0142odzie\u017c 2018<br><a href=\"https:\/\/www.cinn.gov.pl\/portal?id=1475772\">https:\/\/www.cinn.gov.pl\/portal?id=1475772<\/a><\/li><li>Patotre\u015bci w internecie<br><a href=\"https:\/\/fdds.pl\/wp-content\/uploads\/2019\/05\/fdds-raport-patotresc-www.pdf\">https:\/\/fdds.pl\/wp-content\/uploads\/2019\/05\/fdds-raport-patotresc-www.pdf<\/a><\/li><li>Analiza jako\u015bciowa stylu \u017cycia 17-18-letnich u\u017cytkownik\u00f3w substancji psychoaktywnych, wzor\u00f3w i motyw\u00f3w u\u017cywania substancji oraz innych zachowa\u0144 problemowych (PL)<br><a href=\"https:\/\/www.ore.edu.pl\/wp-content\/uploads\/2020\/02\/raport-z-badania_ipin.pdf\">https:\/\/www.ore.edu.pl\/wp-content\/uploads\/2020\/02\/raport-z-badania_ipin.pdf<\/a><\/li><li>Raport o stanie narkomanii w Polsce<br><a href=\"https:\/\/www.ore.edu.pl\/wp-content\/uploads\/2020\/02\/raport-o-stanie-narkomanii-w-polsce-2019.pdf\">https:\/\/www.ore.edu.pl\/wp-content\/uploads\/2020\/02\/raport-o-stanie-narkomanii-w-polsce-2019.pdf<\/a><\/li><li>Skill IT for youth youth and digital competencies (PL \/ ENG)<br><a href=\"https:\/\/www.fundacjarobinson.org.pl\/skill-it-for-youth\">https:\/\/www.fundacjarobinson.org.pl\/skill-it-for-youth<\/a><\/li><\/ul>\n\n\n\n<hr class=\"wp-block-separator\"\/>\n\n\n\n<h4 class=\"wp-block-heading\"><strong>SWEDEN<\/strong><\/h4>\n\n\n\n<ul class=\"wp-block-list\"><li>THE SWEDISH SOCIAL LANDSCAPE IN SOCIAL WORK PRACTICE WITH VULNERABLE YOUNG POPULATIONS. Tiltai. 83. 10.15181\/tbb.v83i2.2063.  Rosner, Irena. (2020).  (ENG) <a href=\"http:\/\/young.uwb.edu.pl\/wp-content\/uploads\/2020\/07\/Irena-art-1-SP-landscape.pdf\">http:\/\/young.uwb.edu.pl\/wp-content\/uploads\/2020\/07\/Irena-art-1-SP-landscape.pdf <\/a><\/li><li>Investing in Youth 2015 (ENG) <br><a href=\"https:\/\/www.oecd-ilibrary.org\/social-issues-migration-health\/investing-in-youth-sweden_9789264267701-en\">https:\/\/www.oecd-ilibrary.org\/social-issues-migration-health\/investing-in-youth-sweden_9789264267701-en<\/a><\/li><li>Human Rights Watch. (2016). Seeking refuge. Unaccompanied children in Sweden. (ENG\/SWE)<br><a href=\"https:\/\/www.hrw.org\/report\/2016\/06\/09\/seeking-refuge\/unaccompanied-children-sweden\">https:\/\/www.hrw.org\/report\/2016\/06\/09\/seeking-refuge\/unaccompanied-children-sweden<\/a><\/li><li>Government Offices of Sweden (2009). The Swedish government\u2019s youth policy (SWE)<br><a href=\"https:\/\/www.regeringen.se\/contentassets\/1c9a7a6f9ce6406bac37e6b40f930dd8\/the-swedish-governments-youth-policy\">https:\/\/www.regeringen.se\/contentassets\/1c9a7a6f9ce6406bac37e6b40f930dd8\/the-swedish-governments-youth-policy<\/a><\/li><li>Swedish Agency for Youth and Civil Society. (ENG\/SWE)<br><a href=\"https:\/\/eng.mucf.se\/youth-policy\">https:\/\/eng.mucf.se\/youth-policy<\/a><\/li><li>Malm\u00f6 Commission (2013). Commission for a Socially Sustainable Malm\u00f6. (ENG)<br><a href=\"https:\/\/malmo.se\/Sa-arbetar-vi-med...\/Hallbar-Utveckling\/Kommission-for-ett-socialt-hallbart-Malmo\/Commission-for-a-Socially-Sustainable-Malmoe-in-English.html\">https:\/\/malmo.se\/Sa-arbetar-vi-med&#8230;\/Hallbar-Utveckling\/Kommission-for-ett-socialt-hallbart-Malmo\/Commission-for-a-Socially-Sustainable-Malmoe-in-English.html<\/a><\/li><li>P., &amp; Sernhede, O (2011). Social mobilisation or street crimes. Two strategies among young urban outcasts in contemporary Sweden (ENG) <br><a href=\"https:\/\/muep.mau.se\/handle\/2043\/12508\">https:\/\/muep.mau.se\/handle\/2043\/12508<\/a><\/li><li>Weiber I (2015). Children in families where the mother has an intellectual or a developmental disability. (SWE)<br><a href=\"https:\/\/muep.mau.se\/handle\/2043\/17224\">https:\/\/muep.mau.se\/handle\/2043\/17224<\/a><\/li><\/ul>\n","protected":false},"excerpt":{"rendered":"<p>EU\/INTERNATIONAL RESOURCES EU Drug Market Report (ENG)&nbsp;http:\/\/www.emcdda.europa.eu\/2019\/drug-markets ESPAD (European School Survey&nbsp; Project on Alcohol and Other Drugs) (ENG)http:\/\/www.espad.org\/report\/home\/ EU Kids Online:http:\/\/www.lse.ac.uk\/media-and-communications\/research\/research-projects\/eu-kids-online\/reports-and-findings EU Youth Report 2015https:\/\/ec.europa.eu\/youth\/policy\/implementation\/report_en Eurostat Youth Databasehttps:\/\/ec.europa.eu\/youth\/policy\/implementation\/report_en LITHUANIA Economic Surveys: Lithuania,&nbsp; (ENG) http:\/\/eimin.lrv.lt\/uploads\/eimin\/documents\/files\/es_parama\/2021_2027\/Pasirengimo%20dokumentai\/OECD%20Economic%20Surveys%20-%20Lithuania%202018.pdf Youth policies in Lithuania( ENG) https:\/\/eacea.ec.europa.eu\/national-policies\/sites\/youthwiki\/files\/gdllithuania.pdf Jaunimo situacijos ap\u017evalga (LT) https:\/\/jrd.lt\/informacija-dirbantiems-su-jaunimu\/informacija-apie-jaunima\/jaunimo-statistiniai-duomenys\/Jaunimo%20situacija%202017.pdf Supporting Youth Entrepreneurship in Lithuania (ENG)https:\/\/www.oecd.org\/cfe\/leed\/Lithuania-Youth-Entrepreneurship.pdf Investing in Youth. Lithuania. [&hellip;]<\/p>\n","protected":false},"author":1,"featured_media":0,"parent":0,"menu_order":0,"comment_status":"closed","ping_status":"closed","template":"","meta":{"footnotes":""},"class_list":["post-37","page","type-page","status-publish","hentry"],"_links":{"self":[{"href":"https:\/\/young.uwb.edu.pl\/index.php\/wp-json\/wp\/v2\/pages\/37","targetHints":{"allow":["GET"]}}],"collection":[{"href":"https:\/\/young.uwb.edu.pl\/index.php\/wp-json\/wp\/v2\/pages"}],"about":[{"href":"https:\/\/young.uwb.edu.pl\/index.php\/wp-json\/wp\/v2\/types\/page"}],"author":[{"embeddable":true,"href":"https:\/\/young.uwb.edu.pl\/index.php\/wp-json\/wp\/v2\/users\/1"}],"replies":[{"embeddable":true,"href":"https:\/\/young.uwb.edu.pl\/index.php\/wp-json\/wp\/v2\/comments?post=37"}],"version-history":[{"count":10,"href":"https:\/\/young.uwb.edu.pl\/index.php\/wp-json\/wp\/v2\/pages\/37\/revisions"}],"predecessor-version":[{"id":399,"href":"https:\/\/young.uwb.edu.pl\/index.php\/wp-json\/wp\/v2\/pages\/37\/revisions\/399"}],"wp:attachment":[{"href":"https:\/\/young.uwb.edu.pl\/index.php\/wp-json\/wp\/v2\/media?parent=37"}],"curies":[{"name":"wp","href":"https:\/\/api.w.org\/{rel}","templated":true}]}}